{"id":1315,"date":"2017-10-13T10:24:23","date_gmt":"2017-10-13T08:24:23","guid":{"rendered":"http:\/\/www.sntrading.fr\/mentions-legales\/"},"modified":"2017-12-17T19:06:58","modified_gmt":"2017-12-17T18:06:58","slug":"legal-notice","status":"publish","type":"page","link":"http:\/\/www.sntrading.fr\/en\/legal-notice\/","title":{"rendered":"Legal Notice"},"content":{"rendered":"<p>[vc_row css_animation=&#8221;&#8221; row_type=&#8221;row&#8221; use_row_as_full_screen_section=&#8221;yes&#8221; type=&#8221;full_width&#8221; angled_section=&#8221;no&#8221; text_align=&#8221;left&#8221; background_image_as_pattern=&#8221;without_pattern&#8221; bg_type=&#8221;bg_color&#8221; css=&#8221;.vc_custom_1508142542980{background-color: #ffffff !important;}&#8221; bg_color_value=&#8221;#ffffff&#8221;][vc_column][vc_column_text]<\/p>\n<h3 style=\"text-align: center; color: #f36f2b;\">Legal Notice<\/h3>\n<p>[\/vc_column_text]<span class=\"separator_with_icon\" style='color:#f36f2b;opacity:1;'><i class=\"fa fa-pencil-square-o\"><\/i><\/span>[vc_empty_space height=&#8221;20&#8243;][vc_column_text]<span id=\"result_box\" class=\"\" lang=\"en\" tabindex=\"-1\"><span title=\"1. Pr\u00e9sentation du site. \">1. Presentation of the site.<\/span><\/span><\/p>\n<p><span title=\"En vertu de l'article 6 de la loi n\u00b0 2004-575 du 21 juin 2004 pour la confiance dans l'\u00e9conomie num\u00e9rique, il est pr\u00e9cis\u00e9 aux utilisateurs du site http:\/\/www.sntrading.fr l'identit\u00e9 des diff\u00e9rents intervenants\">Under Article 6 of Law No. 2004-575 of 21 June 2004 on confidence in the digital economy, it is clear to users of the site http:\/\/www.sntrading.fr the identity of the various stakeholders <\/span><span title=\"dans le cadre de sa r\u00e9alisation et de son suivi : \">as part of its implementation and monitoring:<\/span><\/p>\n<p><span title=\"Propri\u00e9taire : SN trading \u2013 80074909500017 \u2013 2 ANCIEN CHEMIN DE MURET 32600 L' ISLE JOURDAIN \">Owner: SN trading &#8211; 80074909500017 &#8211; 2 OLD WALLWAY 32600 THE ISLE JOURDAIN<br \/>\n<\/span><span title=\"Cr\u00e9ateur : Qualisph\u00e8re \">Creator: Qualisphere<br \/>\n<\/span><span title=\"Responsable publication : Rafael MERCADO \u2013 r.mercado@sntrading.fr \">Publication Manager: Rafael MERCADO &#8211; r.mercado@sntrading.fr<br \/>\n<\/span><span title=\"Le responsable publication est une personne physique ou une personne morale. \">The publication manager is a natural person or a legal person.<br \/>\n<\/span><span title=\"Webmaster : Piaf Cr\u00e9ation \u2013 pauline@piafcreation.com \">Webmaster: Piaf Cr\u00e9ation &#8211; pauline@piafcreation.com<br \/>\n<\/span><span title=\"H\u00e9bergeur : OVH \u2013 RCS Lille M\u00e9tropole 424 761 419 00045 Code APE 2620Z \">Host: OVH &#8211; RCS Lille M\u00e9tropole 424 761 419 00045 Code APE 2620Z<\/span><\/p>\n<p><span title=\"2. Conditions g\u00e9n\u00e9rales d\u2019utilisation du site et des services propos\u00e9s. \">2. General conditions of use of the site and services offered.<\/span><\/p>\n<p><span title=\"L\u2019utilisation du site http:\/\/www.sntrading.fr implique l\u2019acceptation pleine et enti\u00e8re des conditions g\u00e9n\u00e9rales d\u2019utilisation ci-apr\u00e8s d\u00e9crites.\">The use of the site http:\/\/www.sntrading.fr implies full acceptance of the terms and conditions described below. <\/span><span title=\"Ces conditions d\u2019utilisation sont susceptibles d\u2019\u00eatre modifi\u00e9es ou compl\u00e9t\u00e9es \u00e0 tout moment, les utilisateurs du site http:\/\/www.sntrading.fr sont donc invit\u00e9s \u00e0 les consulter de mani\u00e8re r\u00e9guli\u00e8re. \">These conditions of use may be modified or supplemented at any time, users of the site http:\/\/www.sntrading.fr are therefore invited to consult them regularly.<\/span><\/p>\n<p><span title=\"Ce site est normalement accessible \u00e0 tout moment aux utilisateurs.\">This site is normally accessible to users at any time. <\/span><span title=\"Une interruption pour raison de maintenance technique peut \u00eatre toutefois d\u00e9cid\u00e9e par SN trading, qui s\u2019efforcera alors de communiquer pr\u00e9alablement aux utilisateurs les dates et heures de l\u2019intervention. \">An interruption due to technical maintenance may however be decided by SN trading, which will then endeavor to communicate to users before the dates and times of the intervention.<\/span><\/p>\n<p><span title=\"Le site http:\/\/www.sntrading.fr est mis \u00e0 jour r\u00e9guli\u00e8rement par Rafael MERCADO.\">The website http:\/\/www.sntrading.fr is updated regularly by Rafael MERCADO. <\/span><span title=\"De la m\u00eame fa\u00e7on, les mentions l\u00e9gales peuvent \u00eatre modifi\u00e9es \u00e0 tout moment : elles s\u2019imposent n\u00e9anmoins \u00e0 l\u2019utilisateur qui est invit\u00e9 \u00e0 s\u2019y r\u00e9f\u00e9rer le plus souvent possible afin d\u2019en prendre connaissance. \">In the same way, the legal mentions can be modified at any time: they impose nevertheless on the user who is invited to refer to it as often as possible in order to take note of it.<\/span><\/p>\n<p><span title=\"3. Description des services fournis. \">3. Description of the services provided.<\/span><\/p>\n<p><span title=\"Le site http:\/\/www.sntrading.fr a pour objet de fournir une information concernant l\u2019ensemble des activit\u00e9s de la soci\u00e9t\u00e9. \">The site http:\/\/www.sntrading.fr is intended to provide information on all of the activities of the company.<\/span><\/p>\n<p><span title=\"SN trading s\u2019efforce de fournir sur le site http:\/\/www.sntrading.fr des informations aussi pr\u00e9cises que possible.\">SN trading strives to provide the site http:\/\/www.sntrading.fr as accurate information as possible. <\/span><span title=\"Toutefois, il ne pourra \u00eatre tenue responsable des omissions, des inexactitudes et des carences dans la mise \u00e0 jour, qu\u2019elles soient de son fait ou du fait des tiers partenaires qui lui fournissent ces informations. \">However, he can not be held responsible for omissions, inaccuracies and deficiencies in the update, whether by him or the third party partners who provide this information.<\/span><\/p>\n<p><span title=\"Tous les informations indiqu\u00e9es sur le site http:\/\/www.sntrading.fr sont donn\u00e9es \u00e0 titre indicatif, et sont susceptibles d\u2019\u00e9voluer.\">All the information indicated on the site http:\/\/www.sntrading.fr are given as an indication, and are likely to evolve. <\/span><span title=\"Par ailleurs, les renseignements figurant sur le site http:\/\/www.sntrading.fr ne sont pas exhaustifs.\">Moreover, the information on the site http:\/\/www.sntrading.fr are not exhaustive. <\/span><span title=\"Ils sont donn\u00e9s sous r\u00e9serve de modifications ayant \u00e9t\u00e9 apport\u00e9es depuis leur mise en ligne. \">They are given subject to modifications having been made since they went on line.<\/span><\/p>\n<p><span title=\"4. Limitations contractuelles sur les donn\u00e9es techniques. \">4. Contractual limitations on the technical data.<\/span><\/p>\n<p><span title=\"Le site utilise la technologie JavaScript. \">The site uses JavaScript technology.<\/span><\/p>\n<p><span title=\"Le site Internet ne pourra \u00eatre tenu responsable de dommages mat\u00e9riels li\u00e9s \u00e0 l\u2019utilisation du site.\">The website can not be held responsible for material damage related to the use of the site. <\/span><span title=\"De plus, l\u2019utilisateur du site s\u2019engage \u00e0 acc\u00e9der au site en utilisant un mat\u00e9riel r\u00e9cent, ne contenant pas de virus et avec un navigateur de derni\u00e8re g\u00e9n\u00e9ration mis-\u00e0-jour. \">In addition, the user of the site agrees to access the site using recent equipment, not containing any viruses and with a browser of last generation up-to-date.<\/span><\/p>\n<p><span title=\"5. Propri\u00e9t\u00e9 intellectuelle et contrefa\u00e7ons. \">5. Intellectual property and counterfeits.<\/span><\/p>\n<p><span title=\"SN trading est propri\u00e9taire des droits de propri\u00e9t\u00e9 intellectuelle ou d\u00e9tient les droits d\u2019usage sur tous les \u00e9l\u00e9ments accessibles sur le site, notamment les textes, images, graphismes, logo, ic\u00f4nes, sons, logiciels. \">SN trading owns the intellectual property rights or holds the rights to use all the items available on the site, including text, images, graphics, logos, icons, sounds, software.<\/span><\/p>\n<p><span title=\"Toute reproduction, repr\u00e9sentation, modification, publication, adaptation de tout ou partie des \u00e9l\u00e9ments du site, quel que soit le moyen ou le proc\u00e9d\u00e9 utilis\u00e9, est interdite, sauf autorisation \u00e9crite pr\u00e9alable de : SN trading. \">Any reproduction, representation, modification, publication, adaptation of all or part of the elements of the site, whatever the means or process used, is prohibited without the prior written permission of: SN trading.<\/span><\/p>\n<p><span title=\"Toute exploitation non autoris\u00e9e du site ou de l\u2019un quelconque des \u00e9l\u00e9ments qu\u2019il contient sera consid\u00e9r\u00e9e comme constitutive d\u2019une contrefa\u00e7on et poursuivie conform\u00e9ment aux dispositions des articles L.335-2 et suivants du Code de Propri\u00e9t\u00e9 Intellectuelle. \">Any unauthorized use of the site or any of the elements it contains will be considered as constituting an infringement and prosecuted in accordance with the provisions of Articles L.335-2 and following of the Code of Intellectual Property.<\/span><\/p>\n<p><span title=\"6. Limitations de responsabilit\u00e9. \">6. Limitations of liability.<\/span><\/p>\n<p><span title=\"SN trading ne pourra \u00eatre tenue responsable des dommages directs et indirects caus\u00e9s au mat\u00e9riel de l'utilisateur, lors de l'acc\u00e8s au site http:\/\/www.sntrading.fr, et r\u00e9sultant soit de l'utilisation d'un mat\u00e9riel ne r\u00e9pondant\">SN trading can not be held liable for direct or indirect damage to the user&#8217;s equipment, when accessing the site http:\/\/www.sntrading.fr, and resulting from the use of material not responding <\/span><span title=\"pas aux sp\u00e9cifications indiqu\u00e9es au point 4, soit de l'apparition d'un bug ou d'une incompatibilit\u00e9. \">not to the specifications indicated in point 4, either the appearance of a bug or an incompatibility.<\/span><\/p>\n<p><span title=\"SN trading ne pourra \u00e9galement \u00eatre tenue responsable des dommages indirects (tels par exemple qu\u2019une perte de march\u00e9 ou perte d\u2019une chance) cons\u00e9cutifs \u00e0 l\u2019utilisation du site http:\/\/www.sntrading.fr. \">SN trading can not be held liable for consequential damages (such as for example a loss of market or loss of opportunity) resulting from the use of the site http:\/\/www.sntrading.fr.<\/span><\/p>\n<p><span title=\"Des espaces interactifs (possibilit\u00e9 de poser des questions dans l\u2019espace contact) sont \u00e0 la disposition des utilisateurs.\">Interactive spaces (possibility to ask questions in the contact area) are available to users. <\/span><span title=\"SN trading se r\u00e9serve le droit de supprimer, sans mise en demeure pr\u00e9alable, tout contenu d\u00e9pos\u00e9 dans cet espace qui contreviendrait \u00e0 la l\u00e9gislation applicable en France, en particulier aux dispositions relatives \u00e0 la protection des donn\u00e9es.\">SN trading reserves the right to remove, without prior notice, any content posted in this space that would violate the applicable law in France, especially the provisions relating to data protection. <\/span><span title=\"Le cas \u00e9ch\u00e9ant, SN trading se r\u00e9serve \u00e9galement la possibilit\u00e9 de mettre en cause la responsabilit\u00e9 civile et\/ou p\u00e9nale de l'utilisateur, notamment en cas de message \u00e0 caract\u00e8re raciste, injurieux, diffamant, ou pornographique, quel que soit le support utilis\u00e9 (\">Where applicable, SN trading also reserves the right to question the user&#8217;s civil and \/ or criminal liability, particularly in the event of a racist, abusive, defamatory or pornographic message, regardless of the medium used ( <\/span><span title=\"texte, photographie\u2026). \">text, photography &#8230;).<br \/>\n<\/span><\/p>\n<p>&nbsp;<\/p>\n<p><span id=\"result_box\" class=\"\" lang=\"en\" tabindex=\"-1\"><span title=\"7. Gestion des donn\u00e9es personnelles. \">7. Management of personal data.<\/span><\/span><\/p>\n<p><span title=\"En France, les donn\u00e9es personnelles sont notamment prot\u00e9g\u00e9es par la loi n\u00b0 78-87 du 6 janvier 1978, la loi n\u00b0 2004-801 du 6 ao\u00fbt 2004, l'article L. 226-13 du Code p\u00e9nal et la Directive Europ\u00e9enne du\">In France, personal data are protected in particular by the law n \u00b0 78-87 of January 6th, 1978, the law n \u00b0 2004-801 of August 6th, 2004, the article L. 226-13 of the Penal Code and the European Directive of the <\/span><span title=\"24 octobre 1995. \">October 24, 1995.<\/span><\/p>\n<p><span title=\"A l'occasion de l'utilisation du site http:\/\/www.sntrading.fr, peuvent \u00eatres recueillies : l'URL des liens par l'interm\u00e9diaire desquels l'utilisateur a acc\u00e9d\u00e9 au site http:\/\/www.sntrading.fr\">On the occasion of the use of the site http:\/\/www.sntrading.fr, can be collected: the URL of the links through which the user has accessed the site http:\/\/www.sntrading.fr <\/span><span title=\", le fournisseur d'acc\u00e8s de l'utilisateur, l'adresse de protocole Internet (IP) de l'utilisateur. \">, the user&#8217;s access provider, the user&#8217;s Internet Protocol (IP) address.<\/span><\/p>\n<p><span title=\"En tout \u00e9tat de cause SN trading ne collecte des informations personnelles relatives \u00e0 l'utilisateur que pour le besoin de certains services propos\u00e9s par le site http:\/\/www.sntrading.fr.\">In any case SN trading only collects personal information about the user for the need of certain services offered by the site http:\/\/www.sntrading.fr. <\/span><span title=\"L'utilisateur fournit ces informations en toute connaissance de cause, notamment lorsqu'il proc\u00e8de par lui-m\u00eame \u00e0 leur saisie.\">The user provides this information with full knowledge of the facts, in particular when it proceeds by itself to their input. <\/span><span title=\"Il est alors pr\u00e9cis\u00e9 \u00e0 l'utilisateur du site http:\/\/www.sntrading.fr l\u2019obligation ou non de fournir ces informations. \">It is then specified to the user of the site http:\/\/www.sntrading.fr the obligation or not to provide this information.<\/span><\/p>\n<p><span title=\"Conform\u00e9ment aux dispositions des articles 38 et suivants de la loi 78-17 du 6 janvier 1978 relative \u00e0 l'informatique, aux fichiers et aux libert\u00e9s, tout utilisateur dispose d'un droit d'acc\u00e8s, de rectification et d'opposition aux donn\u00e9es personnelles\">In accordance with the provisions of Article 38 et seq. Of Law 78-17 of 6 January 1978 relating to data, files and freedoms, all users have a right of access, rectification and opposition to personal data. <\/span><span title=\"le concernant, en effectuant sa demande \u00e9crite et sign\u00e9e, accompagn\u00e9e d'une copie du titre d'identit\u00e9 avec signature du titulaire de la pi\u00e8ce, en pr\u00e9cisant l'adresse \u00e0 laquelle la r\u00e9ponse doit \u00eatre envoy\u00e9e. \">concerning him, by making his written and signed request, accompanied by a copy of the identity document with signature of the holder of the document, specifying the address to which the answer must be sent.<\/span><\/p>\n<p><span title=\"Aucune information personnelle de l'utilisateur du site http:\/\/www.sntrading.fr n'est publi\u00e9e \u00e0 l'insu de l'utilisateur, \u00e9chang\u00e9e, transf\u00e9r\u00e9e, c\u00e9d\u00e9e ou vendue sur un support quelconque \u00e0 des tiers.\">No personal information of the user of the site http:\/\/www.sntrading.fr is published without the knowledge of the user, exchanged, transferred, assigned or sold on any support to others. <\/span><span title=\"Seule l'hypoth\u00e8se du rachat de SN trading et de ses droits permettrait la transmission des dites informations \u00e0 l'\u00e9ventuel acqu\u00e9reur qui serait \u00e0 son tour tenu de la m\u00eame obligation de conservation et de modification des donn\u00e9es vis \u00e0 vis de l'utilisateur du site\">Only the assumption of SN trading and its rights would allow the transmission of such information to the prospective purchaser who would in turn be given the same obligation to store and modify data with respect to the user of the site <\/span><span title=\"http:\/\/www.sntrading.fr. \">http:\/\/www.sntrading.fr.<\/span><\/p>\n<p><span title=\"Le site n'est pas d\u00e9clar\u00e9 \u00e0 la CNIL car il ne recueille pas d'informations personnelles.\">The site is not declared to the CNIL because it does not collect personal information. <\/span><span title=\". \">.<\/span><\/p>\n<p><span title=\"Les bases de donn\u00e9es sont prot\u00e9g\u00e9es par les dispositions de la loi du 1er juillet 1998 transposant la directive 96\/9 du 11 mars 1996 relative \u00e0 la protection juridique des bases de donn\u00e9es. \">The databases are protected by the provisions of the Act of 1 July 1998 transposing Directive 96\/9 of 11 March 1996 on the legal protection of databases.<\/span><\/p>\n<p><span title=\"8. Liens hypertextes et cookies. \">8. Hypertext links and cookies.<\/span><\/p>\n<p><span title=\"Le site http:\/\/www.sntrading.fr contient un certain nombre de liens hypertextes vers d\u2019autres sites, mis en place avec l\u2019autorisation de SN trading.\">The site http:\/\/www.sntrading.fr contains a number of hypertext links to other sites, set up with the permission of SN trading. <\/span><span title=\"Cependant, SN trading n\u2019a pas la possibilit\u00e9 de v\u00e9rifier le contenu des sites ainsi visit\u00e9s, et n\u2019assumera en cons\u00e9quence aucune responsabilit\u00e9 de ce fait. \">However, SN trading does not have the possibility to check the contents of the sites thus visited, and therefore assumes no liability for this fact.<\/span><\/p>\n<p><span title=\"La navigation sur le site http:\/\/www.sntrading.fr est susceptible de provoquer l\u2019installation de cookie(s) sur l\u2019ordinateur de l\u2019utilisateur.\">The navigation on the site http:\/\/www.sntrading.fr is likely to cause the installation of cookie (s) on the computer of the user. <\/span><span title=\"Un cookie est un fichier de petite taille, qui ne permet pas l\u2019identification de l\u2019utilisateur, mais qui enregistre des informations relatives \u00e0 la navigation d\u2019un ordinateur sur un site.\">A cookie is a small file, which does not allow the identification of the user, but which records information relating to the navigation of a computer on a site. <\/span><span title=\"Les donn\u00e9es ainsi obtenues visent \u00e0 faciliter la navigation ult\u00e9rieure sur le site, et ont \u00e9galement vocation \u00e0 permettre diverses mesures de fr\u00e9quentation. \">The data thus obtained are intended to facilitate subsequent navigation on the site, and are also intended to allow various measures of attendance.<\/span><\/p>\n<p><span title=\"Le refus d\u2019installation d\u2019un cookie peut entra\u00eener l\u2019impossibilit\u00e9 d\u2019acc\u00e9der \u00e0 certains services.\">The refusal to install a cookie may make it impossible to access certain services. <\/span><span title=\"L\u2019utilisateur peut toutefois configurer son ordinateur de la mani\u00e8re suivante, pour refuser l\u2019installation des cookies : \">The user can however configure his computer as follows, to refuse the installation of cookies:<\/span><\/p>\n<p><span title=\"Sous Internet Explorer : onglet outil (pictogramme en forme de rouage en haut a droite) \/ options internet.\">In Internet Explorer: tool tab (pictogram in the form of a cog in the upper right corner) \/ internet options. <\/span><span title=\"Cliquez sur Confidentialit\u00e9 et choisissez Bloquer tous les cookies.\">Click Privacy and choose Block all cookies. <\/span><span title=\"Validez sur Ok. \">Validate on Ok.<\/span><\/p>\n<p><span title=\"Sous Firefox : en haut de la fen\u00eatre du navigateur, cliquez sur le bouton Firefox, puis aller dans l'onglet Options.\">In Firefox: at the top of the browser window, click the Firefox button, then go to the Options tab. <\/span><span title=\"Cliquer sur l'onglet Vie priv\u00e9e. \">Click on the Privacy tab.<br \/>\n<\/span><span title=\"Param\u00e9trez les R\u00e8gles de conservation sur : utiliser les param\u00e8tres personnalis\u00e9s pour l'historique.\">Set the retention rules to: use custom settings for history. <\/span><span title=\"Enfin d\u00e9cochez-la pour d\u00e9sactiver les cookies. \">Finally uncheck it to disable cookies.<\/span><\/p>\n<p><span title=\"Sous Safari : Cliquez en haut \u00e0 droite du navigateur sur le pictogramme de menu (symbolis\u00e9 par un rouage).\">Under Safari: Click on the top right of the browser on the menu pictogram (symbolized by a cog). <\/span><span title=\"S\u00e9lectionnez Param\u00e8tres.\">Select Settings. <\/span><span title=\"Cliquez sur Afficher les param\u00e8tres avanc\u00e9s.\">Click Show Advanced Settings. <\/span><span title=\"Dans la section &quot;Confidentialit\u00e9&quot;, cliquez sur Param\u00e8tres de contenu.\">In the &#8220;Privacy&#8221; section, click Content Settings. <\/span><span title=\"Dans la section &quot;Cookies&quot;, vous pouvez bloquer les cookies. \">In the &#8220;Cookies&#8221; section, you can block cookies.<\/span><\/p>\n<p><span title=\"Sous Chrome : Cliquez en haut \u00e0 droite du navigateur sur le pictogramme de menu (symbolis\u00e9 par trois lignes horizontales).\">Under Chrome: Click at the top right of the browser on the menu icon (symbolized by three horizontal lines). <\/span><span title=\"S\u00e9lectionnez Param\u00e8tres.\">Select Settings. <\/span><span title=\"Cliquez sur Afficher les param\u00e8tres avanc\u00e9s.\">Click Show Advanced Settings. <\/span><span title=\"Dans la section &quot;Confidentialit\u00e9&quot;, cliquez sur pr\u00e9f\u00e9rences.\">In the &#8220;Privacy&#8221; section, click Preferences. <\/span><span title=\"Dans l'onglet &quot;Confidentialit\u00e9&quot;, vous pouvez bloquer les cookies. \">In the &#8220;Privacy&#8221; tab, you can block cookies.<\/span><\/p>\n<p><span title=\"9. Droit applicable et attribution de juridiction. \">9. Applicable law and attribution of jurisdiction.<\/span><\/p>\n<p><span title=\"Tout litige en relation avec l\u2019utilisation du site http:\/\/www.sntrading.fr est soumis au droit fran\u00e7ais.\">Any dispute in connection with the use of the site http:\/\/www.sntrading.fr is subject to French law. <\/span><span title=\"Il est fait attribution exclusive de juridiction aux tribunaux comp\u00e9tents de Paris. \">It is made exclusive jurisdiction to the competent courts of Paris.<\/span><\/p>\n<p><span title=\"10. Les principales lois concern\u00e9es. \">10. The main laws concerned.<\/span><\/p>\n<p><span title=\"Loi n\u00b0 78-17 du 6 janvier 1978, notamment modifi\u00e9e par la loi n\u00b0 2004-801 du 6 ao\u00fbt 2004 relative \u00e0 l'informatique, aux fichiers et aux libert\u00e9s. \">Law n \u00b0 78-17 of January 6, 1978, notably modified by the law n \u00b0 2004-801 of August 6, 2004 relating to data processing, files and freedoms.<\/span><\/p>\n<p><span title=\"Loi n\u00b0 2004-575 du 21 juin 2004 pour la confiance dans l'\u00e9conomie num\u00e9rique. \">Law No. 2004-575 of 21 June 2004 on confidence in the digital economy.<\/span><\/p>\n<p><span title=\"11. Lexique. \">11. Glossary.<\/span><\/p>\n<p><span title=\"Utilisateur : Internaute se connectant, utilisant le site susnomm\u00e9. \">User: Internet user connecting, using the aforementioned site.<\/span><\/p>\n<p><span title=\"Informations personnelles : \u00ab l\">Personal information: &#8220;<span class=\"\">information that enables, in any form whatsoever, directly or indirectly, the identification of the natural persons to whom it applies &#8220;(Article 4 of Law No. 78-17 of 6 January 1978).<\/span><\/span><\/p>\n<p>[\/vc_column_text][vc_empty_space height=&#8221;40&#8243;][\/vc_column][\/vc_row]<\/p>\n","protected":false},"excerpt":{"rendered":"<p>[vc_row css_animation=&#8221;&#8221; row_type=&#8221;row&#8221; use_row_as_full_screen_section=&#8221;yes&#8221; type=&#8221;full_width&#8221; angled_section=&#8221;no&#8221; text_align=&#8221;left&#8221; background_image_as_pattern=&#8221;without_pattern&#8221; bg_type=&#8221;bg_color&#8221; css=&#8221;.vc_custom_1508142542980{background-color: #ffffff !important;}&#8221; bg_color_value=&#8221;#ffffff&#8221;][vc_column][vc_column_text] Legal Notice [\/vc_column_text][vc_empty_space height=&#8221;20&#8243;][vc_column_text]1. Presentation of the site. Under Article 6 of Law No. 2004-575 of 21 June 2004 on confidence in the digital economy, it is clear to users of the&#8230;<\/p>\n","protected":false},"author":1,"featured_media":0,"parent":0,"menu_order":0,"comment_status":"closed","ping_status":"closed","template":"","meta":[],"_links":{"self":[{"href":"http:\/\/www.sntrading.fr\/en\/wp-json\/wp\/v2\/pages\/1315\/"}],"collection":[{"href":"http:\/\/www.sntrading.fr\/en\/wp-json\/wp\/v2\/pages\/"}],"about":[{"href":"http:\/\/www.sntrading.fr\/en\/wp-json\/wp\/v2\/types\/page\/"}],"author":[{"embeddable":true,"href":"http:\/\/www.sntrading.fr\/en\/wp-json\/wp\/v2\/users\/1\/"}],"replies":[{"embeddable":true,"href":"http:\/\/www.sntrading.fr\/en\/wp-json\/wp\/v2\/comments\/?post=1315"}],"version-history":[{"count":2,"href":"http:\/\/www.sntrading.fr\/en\/wp-json\/wp\/v2\/pages\/1315\/revisions\/"}],"predecessor-version":[{"id":1317,"href":"http:\/\/www.sntrading.fr\/en\/wp-json\/wp\/v2\/pages\/1315\/revisions\/1317\/"}],"wp:attachment":[{"href":"http:\/\/www.sntrading.fr\/en\/wp-json\/wp\/v2\/media\/?parent=1315"}],"curies":[{"name":"wp","href":"https:\/\/api.w.org\/{rel}","templated":true}]}}